{"id":9872,"date":"2022-03-14T16:56:19","date_gmt":"2022-03-14T15:56:19","guid":{"rendered":"https:\/\/crm-umr8596.huma-num.fr\/Charleville\/?page_id=9872"},"modified":"2022-03-22T18:48:27","modified_gmt":"2022-03-22T17:48:27","slug":"belges-charleville-xixe","status":"publish","type":"page","link":"https:\/\/crm-umr8596.huma-num.fr\/Charleville\/belges-charleville-xixe\/","title":{"rendered":"Les Belges \u00e0 Charleville au XIXe si\u00e8cle"},"content":{"rendered":"\t\t<div data-elementor-type=\"wp-page\" data-elementor-id=\"9872\" class=\"elementor elementor-9872\" data-elementor-settings=\"[]\">\n\t\t\t\t\t\t<div class=\"elementor-inner\">\n\t\t\t\t\t\t\t<div class=\"elementor-section-wrap\">\n\t\t\t\t\t\t\t<section class=\"has_eae_slider elementor-section elementor-top-section elementor-element elementor-element-443fcf7 elementor-section-boxed elementor-section-height-default elementor-section-height-default\" data-id=\"443fcf7\" data-element_type=\"section\">\n\t\t\t\t\t\t<div class=\"elementor-container elementor-column-gap-default\">\n\t\t\t\t\t\t\t<div class=\"elementor-row\">\n\t\t\t\t\t<div class=\"has_eae_slider elementor-column elementor-col-100 elementor-top-column elementor-element elementor-element-03ee3fc\" data-id=\"03ee3fc\" data-element_type=\"column\">\n\t\t\t<div class=\"elementor-column-wrap elementor-element-populated\">\n\t\t\t\t\t\t\t<div class=\"elementor-widget-wrap\">\n\t\t\t\t\t\t<div class=\"elementor-element elementor-element-67529a3 elementor-widget elementor-widget-heading\" data-id=\"67529a3\" data-element_type=\"widget\" data-widget_type=\"heading.default\">\n\t\t\t\t<div class=\"elementor-widget-container\">\n\t\t\t<h1 class=\"elementor-heading-title elementor-size-default\">Les Belges \u00e0 Charleville au XIXe si\u00e8cle<\/h1>\t\t<\/div>\n\t\t\t\t<\/div>\n\t\t\t\t<div class=\"elementor-element elementor-element-e768971 elementor-widget elementor-widget-text-editor\" data-id=\"e768971\" data-element_type=\"widget\" data-widget_type=\"text-editor.default\">\n\t\t\t\t<div class=\"elementor-widget-container\">\n\t\t\t\t\t\t\t\t<div class=\"elementor-text-editor elementor-clearfix\">\n\t\t\t\t<p style=\"text-align: center;\">Notice propos\u00e9e par Romain George<br \/>&#8211; Mars 2022 &#8211;<\/p>\t\t\t\t\t<\/div>\n\t\t\t\t\t\t<\/div>\n\t\t\t\t<\/div>\n\t\t\t\t<div class=\"elementor-element elementor-element-e5bd405 elementor-widget elementor-widget-text-editor\" data-id=\"e5bd405\" data-element_type=\"widget\" data-widget_type=\"text-editor.default\">\n\t\t\t\t<div class=\"elementor-widget-container\">\n\t\t\t\t\t\t\t\t<div class=\"elementor-text-editor elementor-clearfix\">\n\t\t\t\t<p>\u00a0\u00a0\u00a0\u00a0\u00a0\u00a0 Charleville, la ville la plus importante des Ardennes, se situe au nord de ce d\u00e9partement, \u00e0 peu de distance des anciens Pays-Bas devenus les actuels Belgique et Luxembourg. <strong>Depuis l\u2019origine, la croissance d\u00e9mographique de la ville s\u2019est nourrie de la proximit\u00e9 de ces territoires \u00e9trangers.<\/strong> Dans ce contexte, Charleville s\u2019est inscrite tr\u00e8s t\u00f4t, d\u00e8s le XVII<sup>e<\/sup> si\u00e8cle, au c\u0153ur d\u2019importants courants de migrations frontali\u00e8res. Ces d\u00e9placements ont continu\u00e9 d\u2019irriguer les Ardennes au XIX<sup>e<\/sup> si\u00e8cle, puisque des hommes et des femmes arrivant en nombre pour travailler \u00e0 Charleville provenaient des r\u00e9gions de <strong>Namur, du Luxembourg et, dans une moindre mesure, du Hainaut<\/strong>. Nous les d\u00e9signons ici sous le terme g\u00e9n\u00e9rique de \u00ab\u00a0Belges\u00a0\u00bb.<\/p>\t\t\t\t\t<\/div>\n\t\t\t\t\t\t<\/div>\n\t\t\t\t<\/div>\n\t\t\t\t\t\t<\/div>\n\t\t\t\t\t<\/div>\n\t\t<\/div>\n\t\t\t\t\t\t\t\t<\/div>\n\t\t\t\t\t<\/div>\n\t\t<\/section>\n\t\t\t\t<section class=\"has_eae_slider elementor-section elementor-top-section elementor-element elementor-element-d9d4d45 elementor-section-boxed elementor-section-height-default elementor-section-height-default\" data-id=\"d9d4d45\" data-element_type=\"section\" data-settings=\"{&quot;background_background&quot;:&quot;classic&quot;}\">\n\t\t\t\t\t\t<div class=\"elementor-container elementor-column-gap-default\">\n\t\t\t\t\t\t\t<div class=\"elementor-row\">\n\t\t\t\t\t<div class=\"has_eae_slider elementor-column elementor-col-100 elementor-top-column elementor-element elementor-element-77945d5\" data-id=\"77945d5\" data-element_type=\"column\">\n\t\t\t<div class=\"elementor-column-wrap elementor-element-populated\">\n\t\t\t\t\t\t\t<div class=\"elementor-widget-wrap\">\n\t\t\t\t\t\t<div class=\"elementor-element elementor-element-668c56c elementor-widget elementor-widget-heading\" data-id=\"668c56c\" data-element_type=\"widget\" data-widget_type=\"heading.default\">\n\t\t\t\t<div class=\"elementor-widget-container\">\n\t\t\t<h2 class=\"elementor-heading-title elementor-size-default\">Comment mesurer le nombre des Belges \u00e0 Charleville ?<\/h2>\t\t<\/div>\n\t\t\t\t<\/div>\n\t\t\t\t<section class=\"has_eae_slider elementor-section elementor-inner-section elementor-element elementor-element-a130383 elementor-section-boxed elementor-section-height-default elementor-section-height-default\" data-id=\"a130383\" data-element_type=\"section\">\n\t\t\t\t\t\t<div class=\"elementor-container elementor-column-gap-default\">\n\t\t\t\t\t\t\t<div class=\"elementor-row\">\n\t\t\t\t\t<div class=\"has_eae_slider elementor-column elementor-col-50 elementor-inner-column elementor-element elementor-element-41d36f8\" data-id=\"41d36f8\" data-element_type=\"column\">\n\t\t\t<div class=\"elementor-column-wrap elementor-element-populated\">\n\t\t\t\t\t\t\t<div class=\"elementor-widget-wrap\">\n\t\t\t\t\t\t<div class=\"elementor-element elementor-element-851c4ea elementor-widget elementor-widget-text-editor\" data-id=\"851c4ea\" data-element_type=\"widget\" data-widget_type=\"text-editor.default\">\n\t\t\t\t<div class=\"elementor-widget-container\">\n\t\t\t\t\t\t\t\t<div class=\"elementor-text-editor elementor-clearfix\">\n\t\t\t\t<p><span style=\"color: #ffffff;\">Trois types de sources permettent de rep\u00e9rer ces individus \u00e0 Charleville. Les premi\u00e8res sont les <strong>listes nominatives d\u2019habitants de la ville<\/strong>. Charleville offre la particularit\u00e9 d\u2019avoir organis\u00e9 et conserv\u00e9 des recensements communaux annuels de fa\u00e7on presque continue du XVIII<sup>e<\/sup> au XX<sup>e<\/sup> si\u00e8cle, et les listes qui en \u00e9manent indiquent les localit\u00e9s d\u2019origine des chefs de m\u00e9nage dans un premier temps, puis celles de tous les adultes. <\/span><\/p><p><span style=\"color: #ffffff;\">\u00c0 ce premier ensemble, s\u2019ajoutent au XIX<sup>e<\/sup> si\u00e8cle <strong>les recensements quinquennaux nationaux<\/strong> qui, en fin de si\u00e8cle, pr\u00e9cisent syst\u00e9matiquement la nationalit\u00e9 de chaque individu au sein de chaque m\u00e9nage. <\/span><\/p><p><span style=\"color: #ffffff;\">Enfin, une troisi\u00e8me source concerne plus sp\u00e9cifiquement les \u00e9trangers : il s\u2019agit <strong>des registres de d\u00e9claration d\u2019identit\u00e9 par nationalit\u00e9<\/strong> (ci-contre), apparus \u00e0 partir du d\u00e9cret du 2 octobre 1888 et dans lesquels sont d\u00e9clar\u00e9s les individus de nationalit\u00e9 \u00e9trang\u00e8re demandant l\u2019admission \u00e0 domicile \u00e0 Charleville aupr\u00e8s des autorit\u00e9s municipales. Ces registres permettent de conna\u00eetre la filiation des \u00e9trangers et des \u00e9trang\u00e8res car la nationalit\u00e9 des parents y appara\u00eet syst\u00e9matiquement.<\/span><\/p>\t\t\t\t\t<\/div>\n\t\t\t\t\t\t<\/div>\n\t\t\t\t<\/div>\n\t\t\t\t\t\t<\/div>\n\t\t\t\t\t<\/div>\n\t\t<\/div>\n\t\t\t\t<div class=\"has_eae_slider elementor-column elementor-col-50 elementor-inner-column elementor-element elementor-element-11dbbeb\" data-id=\"11dbbeb\" data-element_type=\"column\">\n\t\t\t<div class=\"elementor-column-wrap elementor-element-populated\">\n\t\t\t\t\t\t\t<div class=\"elementor-widget-wrap\">\n\t\t\t\t\t\t<div class=\"elementor-element elementor-element-0e4306a elementor-widget elementor-widget-image\" data-id=\"0e4306a\" data-element_type=\"widget\" data-widget_type=\"image.default\">\n\t\t\t\t<div class=\"elementor-widget-container\">\n\t\t\t\t\t\t\t\t<div class=\"elementor-image\">\n\t\t\t\t\t\t\t\t\t<figure class=\"wp-caption\">\n\t\t\t\t\t\t\t\t\t\t<img width=\"836\" height=\"1008\" src=\"https:\/\/crm-umr8596.huma-num.fr\/Charleville\/wp-content\/uploads\/2022\/03\/Capture-de\u0301cran-2022-03-21-a\u0300-19.30.27.png\" class=\"attachment-large size-large\" alt=\"\" loading=\"lazy\" \/>\t\t\t\t\t\t\t\t\t\t\t<figcaption class=\"widget-image-caption wp-caption-text\">AD08, sous-s\u00e9rie 3E 12-15 : Registres de d\u00e9clarations d\u2019identit\u00e9 et de nationalit\u00e9 des \u00e9trangers (1888-1893) - R. George (2022)<\/figcaption>\n\t\t\t\t\t\t\t\t\t\t<\/figure>\n\t\t\t\t\t\t\t\t<\/div>\n\t\t\t\t\t\t<\/div>\n\t\t\t\t<\/div>\n\t\t\t\t\t\t<\/div>\n\t\t\t\t\t<\/div>\n\t\t<\/div>\n\t\t\t\t\t\t\t\t<\/div>\n\t\t\t\t\t<\/div>\n\t\t<\/section>\n\t\t\t\t<section class=\"has_eae_slider elementor-section elementor-inner-section elementor-element elementor-element-9af3b19 elementor-section-boxed elementor-section-height-default elementor-section-height-default\" data-id=\"9af3b19\" data-element_type=\"section\">\n\t\t\t\t\t\t<div class=\"elementor-container elementor-column-gap-default\">\n\t\t\t\t\t\t\t<div class=\"elementor-row\">\n\t\t\t\t\t<div class=\"has_eae_slider elementor-column elementor-col-100 elementor-inner-column elementor-element elementor-element-ab742ca\" data-id=\"ab742ca\" data-element_type=\"column\">\n\t\t\t<div class=\"elementor-column-wrap elementor-element-populated\">\n\t\t\t\t\t\t\t<div class=\"elementor-widget-wrap\">\n\t\t\t\t\t\t<div class=\"elementor-element elementor-element-265ed28 elementor-widget elementor-widget-text-editor\" data-id=\"265ed28\" data-element_type=\"widget\" data-widget_type=\"text-editor.default\">\n\t\t\t\t<div class=\"elementor-widget-container\">\n\t\t\t\t\t\t\t\t<div class=\"elementor-text-editor elementor-clearfix\">\n\t\t\t\t<p><span style=\"color: #ffffff;\"><strong>Combien \u00e9taient-ils entre 1790 et 1890 ?<\/strong> \u00a0 <\/span><\/p><p><span style=\"color: #ffffff;\">63 individus originaires des communes qui c<\/span><span style=\"color: #ffffff;\">onstitueront la Belgique sont d\u00e9nombr\u00e9s \u00e0 Charleville sous la R\u00e9volution en 1790, mais <strong>leur effectif augmente fortement apr\u00e8s 1830, \u00e0 plus forte raison \u00e0 partir de la r\u00e9volution industrielle des ann\u00e9es 1850<\/strong> : on compte ainsi 323 individus belges \u00e0 Charleville en 1865. <strong>Dans les derni\u00e8res d\u00e9cennies du XIX<sup>e<\/sup> si\u00e8cle, la dynamique se stabilise<\/strong> sans pour autant perdre en nombre d\u2019individus, puisqu\u2019on comptabilise encore 367 Belges en 1891.<\/span><\/p>\t\t\t\t\t<\/div>\n\t\t\t\t\t\t<\/div>\n\t\t\t\t<\/div>\n\t\t\t\t\t\t<\/div>\n\t\t\t\t\t<\/div>\n\t\t<\/div>\n\t\t\t\t\t\t\t\t<\/div>\n\t\t\t\t\t<\/div>\n\t\t<\/section>\n\t\t\t\t<div class=\"elementor-element elementor-element-23a5fe8 elementor-widget-divider--view-line elementor-widget elementor-widget-divider\" data-id=\"23a5fe8\" data-element_type=\"widget\" data-widget_type=\"divider.default\">\n\t\t\t\t<div class=\"elementor-widget-container\">\n\t\t\t\t\t<div class=\"elementor-divider\">\n\t\t\t<span class=\"elementor-divider-separator\">\n\t\t\t\t\t\t<\/span>\n\t\t<\/div>\n\t\t\t\t<\/div>\n\t\t\t\t<\/div>\n\t\t\t\t\t\t<\/div>\n\t\t\t\t\t<\/div>\n\t\t<\/div>\n\t\t\t\t\t\t\t\t<\/div>\n\t\t\t\t\t<\/div>\n\t\t<\/section>\n\t\t\t\t<section class=\"has_eae_slider elementor-section elementor-top-section elementor-element elementor-element-a05ba96 elementor-section-boxed elementor-section-height-default elementor-section-height-default\" data-id=\"a05ba96\" data-element_type=\"section\">\n\t\t\t\t\t\t<div class=\"elementor-container elementor-column-gap-default\">\n\t\t\t\t\t\t\t<div class=\"elementor-row\">\n\t\t\t\t\t<div class=\"has_eae_slider elementor-column elementor-col-100 elementor-top-column elementor-element elementor-element-d285f9a\" data-id=\"d285f9a\" data-element_type=\"column\">\n\t\t\t<div class=\"elementor-column-wrap elementor-element-populated\">\n\t\t\t\t\t\t\t<div class=\"elementor-widget-wrap\">\n\t\t\t\t\t\t<div class=\"elementor-element elementor-element-f2658f4 elementor-widget elementor-widget-heading\" data-id=\"f2658f4\" data-element_type=\"widget\" data-widget_type=\"heading.default\">\n\t\t\t\t<div class=\"elementor-widget-container\">\n\t\t\t<h2 class=\"elementor-heading-title elementor-size-default\">D\u2019o\u00f9 viennent les Belges ?<\/h2>\t\t<\/div>\n\t\t\t\t<\/div>\n\t\t\t\t<section class=\"has_eae_slider elementor-section elementor-inner-section elementor-element elementor-element-14133f7 elementor-section-boxed elementor-section-height-default elementor-section-height-default\" data-id=\"14133f7\" data-element_type=\"section\">\n\t\t\t\t\t\t<div class=\"elementor-container elementor-column-gap-default\">\n\t\t\t\t\t\t\t<div class=\"elementor-row\">\n\t\t\t\t\t<div class=\"has_eae_slider elementor-column elementor-col-100 elementor-inner-column elementor-element elementor-element-34e75ef\" data-id=\"34e75ef\" data-element_type=\"column\">\n\t\t\t<div class=\"elementor-column-wrap elementor-element-populated\">\n\t\t\t\t\t\t\t<div class=\"elementor-widget-wrap\">\n\t\t\t\t\t\t<div class=\"elementor-element elementor-element-c929f20 elementor-widget elementor-widget-text-editor\" data-id=\"c929f20\" data-element_type=\"widget\" data-widget_type=\"text-editor.default\">\n\t\t\t\t<div class=\"elementor-widget-container\">\n\t\t\t\t\t\t\t\t<div class=\"elementor-text-editor elementor-clearfix\">\n\t\t\t\t<p><strong>\u00c0 partir des ann\u00e9es 1850-1860, l\u2019industrialisation de la vall\u00e9e de la Meuse est florissante.<\/strong> Les Belges qui s\u2019installent \u00e0 Charleville proviennent alors majoritairement des communes frontali\u00e8res du sud de la Belgique, en particulier de Bertrix et de Florenville, o\u00f9 sont form\u00e9s les ouvriers du secteur de la m\u00e9tallurgie. Avec l\u2019arriv\u00e9e du chemin de fer dans la seconde moiti\u00e9 du XIX<sup>e<\/sup> si\u00e8cle, les flux de Belges venus de la vall\u00e9e de la Meuse se massifient ; parmi les \u00e9chantillons de Belges collect\u00e9s dans le recensement quinquennal de 1865 et dont les patronymes commencent par B, on rep\u00e8re ainsi 199 individus natifs des communes jouxtant le fleuve du c\u00f4t\u00e9 belge. Ce sont principalement des travailleurs ouvriers et journaliers.<\/p>\t\t\t\t\t<\/div>\n\t\t\t\t\t\t<\/div>\n\t\t\t\t<\/div>\n\t\t\t\t\t\t<\/div>\n\t\t\t\t\t<\/div>\n\t\t<\/div>\n\t\t\t\t\t\t\t\t<\/div>\n\t\t\t\t\t<\/div>\n\t\t<\/section>\n\t\t\t\t<div class=\"elementor-element elementor-element-17dd296 elementor-widget elementor-widget-image\" data-id=\"17dd296\" data-element_type=\"widget\" data-widget_type=\"image.default\">\n\t\t\t\t<div class=\"elementor-widget-container\">\n\t\t\t\t\t\t\t\t<div class=\"elementor-image\">\n\t\t\t\t\t\t\t\t\t<figure class=\"wp-caption\">\n\t\t\t\t\t\t\t\t\t\t<img width=\"1024\" height=\"648\" src=\"https:\/\/crm-umr8596.huma-num.fr\/Charleville\/wp-content\/uploads\/2022\/03\/Capture-de\u0301cran-2022-03-21-a\u0300-19.29.36-e1647932319865-1024x648.png\" class=\"attachment-large size-large\" alt=\"\" loading=\"lazy\" \/>\t\t\t\t\t\t\t\t\t\t\t<figcaption class=\"widget-image-caption wp-caption-text\"> Lieux de naissance des individus de nationalit\u00e9 belge rep\u00e9r\u00e9s dans le recensement quinquennal de 1891 \u00e0 Charleville - R.George (2022)<\/figcaption>\n\t\t\t\t\t\t\t\t\t\t<\/figure>\n\t\t\t\t\t\t\t\t<\/div>\n\t\t\t\t\t\t<\/div>\n\t\t\t\t<\/div>\n\t\t\t\t\t\t<\/div>\n\t\t\t\t\t<\/div>\n\t\t<\/div>\n\t\t\t\t\t\t\t\t<\/div>\n\t\t\t\t\t<\/div>\n\t\t<\/section>\n\t\t\t\t<section class=\"has_eae_slider elementor-section elementor-top-section elementor-element elementor-element-75397aa elementor-section-boxed elementor-section-height-default elementor-section-height-default\" data-id=\"75397aa\" data-element_type=\"section\" data-settings=\"{&quot;background_background&quot;:&quot;classic&quot;}\">\n\t\t\t\t\t\t<div class=\"elementor-container elementor-column-gap-default\">\n\t\t\t\t\t\t\t<div class=\"elementor-row\">\n\t\t\t\t\t<div class=\"has_eae_slider elementor-column elementor-col-100 elementor-top-column elementor-element elementor-element-e9cbf22\" data-id=\"e9cbf22\" data-element_type=\"column\">\n\t\t\t<div class=\"elementor-column-wrap elementor-element-populated\">\n\t\t\t\t\t\t\t<div class=\"elementor-widget-wrap\">\n\t\t\t\t\t\t<div class=\"elementor-element elementor-element-0659f79 elementor-widget elementor-widget-heading\" data-id=\"0659f79\" data-element_type=\"widget\" data-widget_type=\"heading.default\">\n\t\t\t\t<div class=\"elementor-widget-container\">\n\t\t\t<h2 class=\"elementor-heading-title elementor-size-default\">L\u2019installation des Belges en ville : l\u2019exemple de la famille Colaux<\/h2>\t\t<\/div>\n\t\t\t\t<\/div>\n\t\t\t\t<section class=\"has_eae_slider elementor-section elementor-inner-section elementor-element elementor-element-b265a66 elementor-section-boxed elementor-section-height-default elementor-section-height-default\" data-id=\"b265a66\" data-element_type=\"section\">\n\t\t\t\t\t\t<div class=\"elementor-container elementor-column-gap-default\">\n\t\t\t\t\t\t\t<div class=\"elementor-row\">\n\t\t\t\t\t<div class=\"has_eae_slider elementor-column elementor-col-50 elementor-inner-column elementor-element elementor-element-7d77943\" data-id=\"7d77943\" data-element_type=\"column\">\n\t\t\t<div class=\"elementor-column-wrap elementor-element-populated\">\n\t\t\t\t\t\t\t<div class=\"elementor-widget-wrap\">\n\t\t\t\t\t\t<div class=\"elementor-element elementor-element-9900504 elementor-widget elementor-widget-text-editor\" data-id=\"9900504\" data-element_type=\"widget\" data-widget_type=\"text-editor.default\">\n\t\t\t\t<div class=\"elementor-widget-container\">\n\t\t\t\t\t\t\t\t<div class=\"elementor-text-editor elementor-clearfix\">\n\t\t\t\t<p><span style=\"color: #ffffff;\">\u00c0 l\u2019inverse des journaliers, certains immigr\u00e9s belges, jouissant d\u2019un<strong> haut niveau de formation,<\/strong> s\u2019installent durablement \u00e0 Charleville et implantent leur industrie en ville comme l\u2019a fait la famille Colaux. Les membres de cette fratrie originaire de Malvoisin quittent la Belgique \u00e0 diff\u00e9rents moments. <\/span><\/p><p><span style=\"color: #ffffff;\">L<\/span><span style=\"color: #ffffff;\">\u2019a\u00een\u00e9e, Marie Tharsile, rejoint Charleville d\u00e8s le d\u00e9but des ann\u00e9es 1880 et se marie avec un jeune cloutier, lui aussi d\u2019origine belge, mais natif de Charleville. <\/span><\/p>\t\t\t\t\t<\/div>\n\t\t\t\t\t\t<\/div>\n\t\t\t\t<\/div>\n\t\t\t\t\t\t<\/div>\n\t\t\t\t\t<\/div>\n\t\t<\/div>\n\t\t\t\t<div class=\"has_eae_slider elementor-column elementor-col-50 elementor-inner-column elementor-element elementor-element-1123e31\" data-id=\"1123e31\" data-element_type=\"column\">\n\t\t\t<div class=\"elementor-column-wrap elementor-element-populated\">\n\t\t\t\t\t\t\t<div class=\"elementor-widget-wrap\">\n\t\t\t\t\t\t<div class=\"elementor-element elementor-element-90058f0 elementor-widget elementor-widget-text-editor\" data-id=\"90058f0\" data-element_type=\"widget\" data-widget_type=\"text-editor.default\">\n\t\t\t\t<div class=\"elementor-widget-container\">\n\t\t\t\t\t\t\t\t<div class=\"elementor-text-editor elementor-clearfix\">\n\t\t\t\t<p><span style=\"color: #ffffff;\">Trois autres membres de la fratrie, les deux fr\u00e8res, Alfred et Victor, et leur s\u0153ur cadette, Maria, partent de Belgique \u00e0 la suite de la crise industrielle qui frappe le pays en 1886 et, \u00e0 leur arriv\u00e9e \u00e0 Charleville \u00e0 la fin de la d\u00e9cennie, exercent le m\u00e9tier de verrier. Tous les trois sont employ\u00e9s dans la verrerie des Moulinets, fond\u00e9e en 1863 dans les faubourgs de Charleville. Ils vivent \u00e0 proximit\u00e9 imm\u00e9diate de cette fabrique. Derni\u00e8re arriv\u00e9e, Marie a \u00e9pous\u00e9 Joseph Pierrard, un employ\u00e9 de la prestigieuse verrerie de Seraing dans la province de Li\u00e8ge. En s\u2019installant \u00e0 Charleville, celui-ci am\u00e8ne un savoir-faire nouveau qui permet aux membres de la famille Colaux d\u2019inscrire leur art de mani\u00e8re durable dans la ville.<\/span><\/p><p><span style=\"color: #ffffff;\">\u00a0<\/span><\/p>\t\t\t\t\t<\/div>\n\t\t\t\t\t\t<\/div>\n\t\t\t\t<\/div>\n\t\t\t\t\t\t<\/div>\n\t\t\t\t\t<\/div>\n\t\t<\/div>\n\t\t\t\t\t\t\t\t<\/div>\n\t\t\t\t\t<\/div>\n\t\t<\/section>\n\t\t\t\t<div class=\"elementor-element elementor-element-ae02bee elementor-widget elementor-widget-image\" data-id=\"ae02bee\" data-element_type=\"widget\" data-widget_type=\"image.default\">\n\t\t\t\t<div class=\"elementor-widget-container\">\n\t\t\t\t\t\t\t\t<div class=\"elementor-image\">\n\t\t\t\t\t\t\t\t\t\t\t\t<img width=\"1024\" height=\"932\" src=\"https:\/\/crm-umr8596.huma-num.fr\/Charleville\/wp-content\/uploads\/2022\/03\/Capture-de\u0301cran-2022-03-21-a\u0300-19.30.59-1024x932.png\" class=\"attachment-large size-large\" alt=\"\" loading=\"lazy\" \/>\t\t\t\t\t\t\t\t\t\t\t\t\t\t<\/div>\n\t\t\t\t\t\t<\/div>\n\t\t\t\t<\/div>\n\t\t\t\t<div class=\"elementor-element elementor-element-f6c3352 elementor-widget-divider--view-line elementor-widget elementor-widget-divider\" data-id=\"f6c3352\" data-element_type=\"widget\" data-widget_type=\"divider.default\">\n\t\t\t\t<div class=\"elementor-widget-container\">\n\t\t\t\t\t<div class=\"elementor-divider\">\n\t\t\t<span class=\"elementor-divider-separator\">\n\t\t\t\t\t\t<\/span>\n\t\t<\/div>\n\t\t\t\t<\/div>\n\t\t\t\t<\/div>\n\t\t\t\t\t\t<\/div>\n\t\t\t\t\t<\/div>\n\t\t<\/div>\n\t\t\t\t\t\t\t\t<\/div>\n\t\t\t\t\t<\/div>\n\t\t<\/section>\n\t\t\t\t<section class=\"has_eae_slider elementor-section elementor-top-section elementor-element elementor-element-e7d9532 elementor-section-boxed elementor-section-height-default elementor-section-height-default\" data-id=\"e7d9532\" data-element_type=\"section\">\n\t\t\t\t\t\t<div class=\"elementor-container elementor-column-gap-default\">\n\t\t\t\t\t\t\t<div class=\"elementor-row\">\n\t\t\t\t\t<div class=\"has_eae_slider elementor-column elementor-col-100 elementor-top-column elementor-element elementor-element-f5ca0cf\" data-id=\"f5ca0cf\" data-element_type=\"column\">\n\t\t\t<div class=\"elementor-column-wrap elementor-element-populated\">\n\t\t\t\t\t\t\t<div class=\"elementor-widget-wrap\">\n\t\t\t\t\t\t<div class=\"elementor-element elementor-element-c432329 elementor-widget elementor-widget-heading\" data-id=\"c432329\" data-element_type=\"widget\" data-widget_type=\"heading.default\">\n\t\t\t\t<div class=\"elementor-widget-container\">\n\t\t\t<h2 class=\"elementor-heading-title elementor-size-default\">Bibliographie<\/h2>\t\t<\/div>\n\t\t\t\t<\/div>\n\t\t\t\t<div class=\"elementor-element elementor-element-885e5c9 elementor-widget-divider--view-line elementor-widget elementor-widget-divider\" data-id=\"885e5c9\" data-element_type=\"widget\" data-widget_type=\"divider.default\">\n\t\t\t\t<div class=\"elementor-widget-container\">\n\t\t\t\t\t<div class=\"elementor-divider\">\n\t\t\t<span class=\"elementor-divider-separator\">\n\t\t\t\t\t\t<\/span>\n\t\t<\/div>\n\t\t\t\t<\/div>\n\t\t\t\t<\/div>\n\t\t\t\t<div class=\"elementor-element elementor-element-2b0721e elementor-widget elementor-widget-text-editor\" data-id=\"2b0721e\" data-element_type=\"widget\" data-widget_type=\"text-editor.default\">\n\t\t\t\t<div class=\"elementor-widget-container\">\n\t\t\t\t\t\t\t\t<div class=\"elementor-text-editor elementor-clearfix\">\n\t\t\t\t<p class=\"MsoBodyText\" style=\"line-height: normal;\"><span style=\"mso-ansi-language: FR;\">Fabrice Boudjaaba, Vincent Gourdon, \u00ab\u00a0Quitter Charleville\u00a0dans les ann\u00e9es 1860-1870 : une analyse de la mobilit\u00e9 urbaine \u00e0 court et \u00e0 moyen terme\u00a0\u00bb, <i>Histoire et Mesure<\/i>, 2013, 2, p. 89-128. <\/span><span style=\"mso-ansi-language: FR;\">URL :<a href=\"http:\/\/journals.openedition.org.janus.bis-sorbonne.fr\/histoiremesure\/4813\"><strong> http:\/\/journals.openedition.org.janus.bis-sorbonne.fr\/histoiremesure\/4813<\/strong> <\/a><br \/><\/span><\/p><p class=\"MsoBodyText\" style=\"line-height: normal;\"><span style=\"mso-ansi-language: FR;\">Romain George, <i>L\u2019Immigration des Belges \u00e0 Charleville (1790-1891)<\/i>, master recherche d\u2019histoire, Paris IV Sorbonne, 2016.<\/span><\/p>\t\t\t\t\t<\/div>\n\t\t\t\t\t\t<\/div>\n\t\t\t\t<\/div>\n\t\t\t\t\t\t<\/div>\n\t\t\t\t\t<\/div>\n\t\t<\/div>\n\t\t\t\t\t\t\t\t<\/div>\n\t\t\t\t\t<\/div>\n\t\t<\/section>\n\t\t\t\t\t\t<\/div>\n\t\t\t\t\t\t<\/div>\n\t\t\t\t\t<\/div>\n\t\t","protected":false},"excerpt":{"rendered":"<p>Les Belges \u00e0 Charleville au XIXe si\u00e8cle Notice propos\u00e9e par Romain George&#8211; Mars 2022 &#8211; \u00a0\u00a0\u00a0\u00a0\u00a0\u00a0 Charleville, la ville la plus importante des Ardennes, se situe au nord de ce d\u00e9partement, \u00e0 peu de distance des anciens Pays-Bas devenus les actuels Belgique et Luxembourg. Depuis l\u2019origine, la croissance d\u00e9mographique de la ville s\u2019est nourrie de &hellip;<\/p>\n<p class=\"read-more\"> <a class=\"\" href=\"https:\/\/crm-umr8596.huma-num.fr\/Charleville\/belges-charleville-xixe\/\"> <span class=\"screen-reader-text\">Les Belges \u00e0 Charleville au XIXe si\u00e8cle<\/span> Lire la suite\u00a0\u00bb<\/a><\/p>\n","protected":false},"author":10,"featured_media":0,"parent":0,"menu_order":0,"comment_status":"closed","ping_status":"closed","template":"","meta":[],"_links":{"self":[{"href":"https:\/\/crm-umr8596.huma-num.fr\/Charleville\/wp-json\/wp\/v2\/pages\/9872"}],"collection":[{"href":"https:\/\/crm-umr8596.huma-num.fr\/Charleville\/wp-json\/wp\/v2\/pages"}],"about":[{"href":"https:\/\/crm-umr8596.huma-num.fr\/Charleville\/wp-json\/wp\/v2\/types\/page"}],"author":[{"embeddable":true,"href":"https:\/\/crm-umr8596.huma-num.fr\/Charleville\/wp-json\/wp\/v2\/users\/10"}],"replies":[{"embeddable":true,"href":"https:\/\/crm-umr8596.huma-num.fr\/Charleville\/wp-json\/wp\/v2\/comments?post=9872"}],"version-history":[{"count":36,"href":"https:\/\/crm-umr8596.huma-num.fr\/Charleville\/wp-json\/wp\/v2\/pages\/9872\/revisions"}],"predecessor-version":[{"id":10035,"href":"https:\/\/crm-umr8596.huma-num.fr\/Charleville\/wp-json\/wp\/v2\/pages\/9872\/revisions\/10035"}],"wp:attachment":[{"href":"https:\/\/crm-umr8596.huma-num.fr\/Charleville\/wp-json\/wp\/v2\/media?parent=9872"}],"curies":[{"name":"wp","href":"https:\/\/api.w.org\/{rel}","templated":true}]}}