{"id":7263,"date":"2020-12-06T01:08:05","date_gmt":"2020-12-06T00:08:05","guid":{"rendered":"http:\/\/crm-umr8596.huma-num.fr\/Charleville\/?page_id=7263"},"modified":"2020-12-08T01:15:06","modified_gmt":"2020-12-08T00:15:06","slug":"credits","status":"publish","type":"page","link":"https:\/\/crm-umr8596.huma-num.fr\/Charleville\/credits\/","title":{"rendered":"Cr\u00e9dits"},"content":{"rendered":"\t\t<div data-elementor-type=\"wp-post\" data-elementor-id=\"7263\" class=\"elementor elementor-7263\" data-elementor-settings=\"[]\">\n\t\t\t\t\t\t<div class=\"elementor-inner\">\n\t\t\t\t\t\t\t<div class=\"elementor-section-wrap\">\n\t\t\t\t\t\t\t<section class=\"has_eae_slider elementor-section elementor-top-section elementor-element elementor-element-8e491de elementor-section-content-middle elementor-section-boxed elementor-section-height-default elementor-section-height-default\" data-id=\"8e491de\" data-element_type=\"section\" data-settings=\"{&quot;background_background&quot;:&quot;classic&quot;}\">\n\t\t\t\t\t\t\t<div class=\"elementor-background-overlay\"><\/div>\n\t\t\t\t\t\t\t<div class=\"elementor-container elementor-column-gap-no\">\n\t\t\t\t\t\t\t<div class=\"elementor-row\">\n\t\t\t\t\t<div class=\"has_eae_slider elementor-column elementor-col-100 elementor-top-column elementor-element elementor-element-fb027eb\" data-id=\"fb027eb\" data-element_type=\"column\">\n\t\t\t<div class=\"elementor-column-wrap\">\n\t\t\t\t\t\t\t<div class=\"elementor-widget-wrap\">\n\t\t\t\t\t\t\t\t<\/div>\n\t\t\t\t\t<\/div>\n\t\t<\/div>\n\t\t\t\t\t\t\t\t<\/div>\n\t\t\t\t\t<\/div>\n\t\t<\/section>\n\t\t\t\t<section class=\"has_eae_slider elementor-section elementor-top-section elementor-element elementor-element-7c250fb elementor-section-content-middle elementor-reverse-mobile elementor-section-boxed elementor-section-height-default elementor-section-height-default\" data-id=\"7c250fb\" data-element_type=\"section\">\n\t\t\t\t\t\t\t<div class=\"elementor-background-overlay\"><\/div>\n\t\t\t\t\t\t\t<div class=\"elementor-container elementor-column-gap-default\">\n\t\t\t\t\t\t\t<div class=\"elementor-row\">\n\t\t\t\t\t<div class=\"has_eae_slider elementor-column elementor-col-100 elementor-top-column elementor-element elementor-element-b4d59d1\" data-id=\"b4d59d1\" data-element_type=\"column\">\n\t\t\t<div class=\"elementor-column-wrap elementor-element-populated\">\n\t\t\t\t\t\t\t<div class=\"elementor-widget-wrap\">\n\t\t\t\t\t\t<div class=\"elementor-element elementor-element-dfee874 elementor-widget elementor-widget-heading\" data-id=\"dfee874\" data-element_type=\"widget\" data-widget_type=\"heading.default\">\n\t\t\t\t<div class=\"elementor-widget-container\">\n\t\t\t<h1 class=\"elementor-heading-title elementor-size-default\">Cr\u00e9dits<\/h1>\t\t<\/div>\n\t\t\t\t<\/div>\n\t\t\t\t<div class=\"elementor-element elementor-element-a1adb9f elementor-widget-divider--view-line_icon elementor-view-default elementor-widget-divider--element-align-center elementor-widget elementor-widget-divider\" data-id=\"a1adb9f\" data-element_type=\"widget\" data-widget_type=\"divider.default\">\n\t\t\t\t<div class=\"elementor-widget-container\">\n\t\t\t\t\t<div class=\"elementor-divider\">\n\t\t\t<span class=\"elementor-divider-separator\">\n\t\t\t\t\t\t\t<div class=\"elementor-icon elementor-divider__element\">\n\t\t\t\t\t<i aria-hidden=\"true\" class=\"fas fa-info-circle\"><\/i><\/div>\n\t\t\t\t\t\t<\/span>\n\t\t<\/div>\n\t\t\t\t<\/div>\n\t\t\t\t<\/div>\n\t\t\t\t<div class=\"elementor-element elementor-element-5a0111c elementor-widget elementor-widget-text-editor\" data-id=\"5a0111c\" data-element_type=\"widget\" data-widget_type=\"text-editor.default\">\n\t\t\t\t<div class=\"elementor-widget-container\">\n\t\t\t\t\t\t\t\t<div class=\"elementor-text-editor elementor-clearfix\">\n\t\t\t\t<p>D\u00e9couvrez les cr\u00e9dits des contenus du site de l&#8217;enqu\u00eate sur la population de Charleville<br \/>et de son projet \u00c9mergence <em>Connexions Carolopolitaines. Espace, Population, Patrimoine<\/em><\/p>\t\t\t\t\t<\/div>\n\t\t\t\t\t\t<\/div>\n\t\t\t\t<\/div>\n\t\t\t\t\t\t<\/div>\n\t\t\t\t\t<\/div>\n\t\t<\/div>\n\t\t\t\t\t\t\t\t<\/div>\n\t\t\t\t\t<\/div>\n\t\t<\/section>\n\t\t\t\t<section class=\"has_eae_slider elementor-section elementor-top-section elementor-element elementor-element-3e6915a elementor-section-boxed elementor-section-height-default elementor-section-height-default\" data-id=\"3e6915a\" data-element_type=\"section\">\n\t\t\t\t\t\t<div class=\"elementor-container elementor-column-gap-default\">\n\t\t\t\t\t\t\t<div class=\"elementor-row\">\n\t\t\t\t\t<div class=\"has_eae_slider elementor-column elementor-col-100 elementor-top-column elementor-element elementor-element-64ebf07\" data-id=\"64ebf07\" data-element_type=\"column\">\n\t\t\t<div class=\"elementor-column-wrap elementor-element-populated\">\n\t\t\t\t\t\t\t<div class=\"elementor-widget-wrap\">\n\t\t\t\t\t\t<div class=\"elementor-element elementor-element-ddb983b elementor-widget elementor-widget-heading\" data-id=\"ddb983b\" data-element_type=\"widget\" data-widget_type=\"heading.default\">\n\t\t\t\t<div class=\"elementor-widget-container\">\n\t\t\t<h2 class=\"elementor-heading-title elementor-size-default\">Cr\u00e9dits photos<\/h2>\t\t<\/div>\n\t\t\t\t<\/div>\n\t\t\t\t<div class=\"elementor-element elementor-element-18643c1 elementor-widget-divider--view-line elementor-widget elementor-widget-divider\" data-id=\"18643c1\" data-element_type=\"widget\" data-widget_type=\"divider.default\">\n\t\t\t\t<div class=\"elementor-widget-container\">\n\t\t\t\t\t<div class=\"elementor-divider\">\n\t\t\t<span class=\"elementor-divider-separator\">\n\t\t\t\t\t\t<\/span>\n\t\t<\/div>\n\t\t\t\t<\/div>\n\t\t\t\t<\/div>\n\t\t\t\t<div class=\"elementor-element elementor-element-905a278 elementor-widget elementor-widget-text-editor\" data-id=\"905a278\" data-element_type=\"widget\" data-widget_type=\"text-editor.default\">\n\t\t\t\t<div class=\"elementor-widget-container\">\n\t\t\t\t\t\t\t\t<div class=\"elementor-text-editor elementor-clearfix\">\n\t\t\t\t<p>Les images utilis\u00e9es sur ce site sont, soit la propri\u00e9t\u00e9 du CRM, soit des images libres de droits, soit des propri\u00e9t\u00e9s des membres de l&#8217;\u00e9quipe ou de ses partenaires.<br \/>Toute copie, totale ou partielle, ne peut se faire sans l\u2019accord du CRM ou de leurs auteurs.<\/p>\t\t\t\t\t<\/div>\n\t\t\t\t\t\t<\/div>\n\t\t\t\t<\/div>\n\t\t\t\t<div class=\"elementor-element elementor-element-9464792 elementor-widget elementor-widget-heading\" data-id=\"9464792\" data-element_type=\"widget\" data-widget_type=\"heading.default\">\n\t\t\t\t<div class=\"elementor-widget-container\">\n\t\t\t<h3 class=\"elementor-heading-title elementor-size-default\">Sources : <\/h3>\t\t<\/div>\n\t\t\t\t<\/div>\n\t\t\t\t<div class=\"elementor-element elementor-element-040bf2e elementor-hidden-phone elementor-widget elementor-widget-text-editor\" data-id=\"040bf2e\" data-element_type=\"widget\" data-widget_type=\"text-editor.default\">\n\t\t\t\t<div class=\"elementor-widget-container\">\n\t\t\t\t\t\t\t\t<div class=\"elementor-text-editor elementor-clearfix\">\n\t\t\t\t<ul><li><a href=\"https:\/\/pixabay.com\/fr\/service\/terms\/#license\" target=\"_blank\" rel=\"noopener noreferrer\">Biblioth\u00e8que d\u2019images libres de droits Pixabay<\/a><\/li><li>Illustrations provenant du site de la BNF Gallica : <a href=\"https:\/\/gallica.bnf.fr\/edit\/und\/conditions-dutilisation-des-contenus-de-gallica\">Source gallica.bnf.fr \/ Biblioth\u00e8que nationale de France<\/a><\/li><li>illustrations provenant de Wikipedia :<ul><li style=\"list-style-type: none;\"><ul><li><a href=\"https:\/\/commons.wikimedia.org\/wiki\/File:Charles_de_GOnzague_par_du_Monstier_08528.JPG\">Photographie du Portrait de\u00a0 Charles de Gonzagues, Daniel Dumonstier, Public domain, via Wikimedia Commons<\/a><\/li><li><a href=\"https:\/\/commons.wikimedia.org\/wiki\/File:Catherine_de_Lorraine,_duchess_of_Mantua.JPG\">Photographie du Portrait de Catherine de Lorraine, Unidentified painter, Public domain, via Wikimedia Commons<\/a><\/li><\/ul><\/li><\/ul><\/li><li>Cartes postales, num\u00e9risation d&#8217;archives et photographies provenant des <a href=\"https:\/\/archives.cd08.fr\/article.php?larub=13&amp;titre=reutilisation-des-donnees-publiques\">Archives des Ardennes<\/a><\/li><li>Sources internes \u00e9quipe projet<\/li><li>Aquarelles : C\u00e9cile Alexandre<\/li><\/ul>\t\t\t\t\t<\/div>\n\t\t\t\t\t\t<\/div>\n\t\t\t\t<\/div>\n\t\t\t\t<div class=\"elementor-element elementor-element-77b7d5e elementor-hidden-desktop elementor-hidden-tablet elementor-widget elementor-widget-text-editor\" data-id=\"77b7d5e\" data-element_type=\"widget\" data-widget_type=\"text-editor.default\">\n\t\t\t\t<div class=\"elementor-widget-container\">\n\t\t\t\t\t\t\t\t<div class=\"elementor-text-editor elementor-clearfix\">\n\t\t\t\t<p><a href=\"https:\/\/pixabay.com\/fr\/service\/terms\/#license\" target=\"_blank\" rel=\"noopener noreferrer\">Biblioth\u00e8que d\u2019images libres de droits Pixabay<\/a><\/p><p>Illustrations provenant du site de la BNF Gallica : <a href=\"https:\/\/gallica.bnf.fr\/edit\/und\/conditions-dutilisation-des-contenus-de-gallica\">Source gallica.bnf.fr \/ Biblioth\u00e8que nationale de France<\/a><\/p><p>Illustrations provenant de Wikipedia : <\/p><p><a href=\"https:\/\/commons.wikimedia.org\/wiki\/File:Charles_de_GOnzague_par_du_Monstier_08528.JPG\">Photographie du Portrait de\u00a0 Charles de Gonzagues, Daniel Dumonstier, Public domain, via Wikimedia Commons<\/a><\/p><p><a href=\"https:\/\/commons.wikimedia.org\/wiki\/File:Catherine_de_Lorraine,_duchess_of_Mantua.JPG\">Photographie du Portrait de Catherine de Lorraine, Unidentified painter, Public domain, via Wikimedia Commons<\/a><\/p><p>Cartes postales, num\u00e9risation d&#8217;archives et photographies provenant des <a href=\"https:\/\/archives.cd08.fr\/article.php?larub=13&amp;titre=reutilisation-des-donnees-publiques\">Archives des Ardennes<\/a><\/p><p>Sources internes \u00e9quipe projet<\/p><p>Aquarelles : C\u00e9cile Alexandre<\/p>\t\t\t\t\t<\/div>\n\t\t\t\t\t\t<\/div>\n\t\t\t\t<\/div>\n\t\t\t\t\t\t<\/div>\n\t\t\t\t\t<\/div>\n\t\t<\/div>\n\t\t\t\t\t\t\t\t<\/div>\n\t\t\t\t\t<\/div>\n\t\t<\/section>\n\t\t\t\t<section class=\"has_eae_slider elementor-section elementor-top-section elementor-element elementor-element-7e30a4b elementor-section-boxed elementor-section-height-default elementor-section-height-default\" data-id=\"7e30a4b\" data-element_type=\"section\">\n\t\t\t\t\t\t<div class=\"elementor-container elementor-column-gap-default\">\n\t\t\t\t\t\t\t<div class=\"elementor-row\">\n\t\t\t\t\t<div class=\"has_eae_slider elementor-column elementor-col-100 elementor-top-column elementor-element elementor-element-f453aa2\" data-id=\"f453aa2\" data-element_type=\"column\">\n\t\t\t<div class=\"elementor-column-wrap elementor-element-populated\">\n\t\t\t\t\t\t\t<div class=\"elementor-widget-wrap\">\n\t\t\t\t\t\t<div class=\"elementor-element elementor-element-513c2b1 elementor-widget elementor-widget-heading\" data-id=\"513c2b1\" data-element_type=\"widget\" data-widget_type=\"heading.default\">\n\t\t\t\t<div class=\"elementor-widget-container\">\n\t\t\t<h2 class=\"elementor-heading-title elementor-size-default\">Cr\u00e9dits des textes <\/h2>\t\t<\/div>\n\t\t\t\t<\/div>\n\t\t\t\t<div class=\"elementor-element elementor-element-691bad4 elementor-widget-divider--view-line elementor-widget elementor-widget-divider\" data-id=\"691bad4\" data-element_type=\"widget\" data-widget_type=\"divider.default\">\n\t\t\t\t<div class=\"elementor-widget-container\">\n\t\t\t\t\t<div class=\"elementor-divider\">\n\t\t\t<span class=\"elementor-divider-separator\">\n\t\t\t\t\t\t<\/span>\n\t\t<\/div>\n\t\t\t\t<\/div>\n\t\t\t\t<\/div>\n\t\t\t\t<div class=\"elementor-element elementor-element-ad1e42d elementor-widget elementor-widget-text-editor\" data-id=\"ad1e42d\" data-element_type=\"widget\" data-widget_type=\"text-editor.default\">\n\t\t\t\t<div class=\"elementor-widget-container\">\n\t\t\t\t\t\t\t\t<div class=\"elementor-text-editor elementor-clearfix\">\n\t\t\t\tLes textes des notices historiques sont la propri\u00e9t\u00e9 de leurs auteurs respectifs.<br>Toute copie, totale ou partielle, ne peut se faire sans l\u2019accord du CRM ou de leurs auteurs.\t\t\t\t\t<\/div>\n\t\t\t\t\t\t<\/div>\n\t\t\t\t<\/div>\n\t\t\t\t\t\t<\/div>\n\t\t\t\t\t<\/div>\n\t\t<\/div>\n\t\t\t\t\t\t\t\t<\/div>\n\t\t\t\t\t<\/div>\n\t\t<\/section>\n\t\t\t\t<section class=\"has_eae_slider elementor-section elementor-top-section elementor-element elementor-element-73c67b5 elementor-section-boxed elementor-section-height-default elementor-section-height-default\" data-id=\"73c67b5\" data-element_type=\"section\">\n\t\t\t\t\t\t<div class=\"elementor-container elementor-column-gap-default\">\n\t\t\t\t\t\t\t<div class=\"elementor-row\">\n\t\t\t\t\t<div class=\"has_eae_slider elementor-column elementor-col-100 elementor-top-column elementor-element elementor-element-d93b490\" data-id=\"d93b490\" data-element_type=\"column\">\n\t\t\t<div class=\"elementor-column-wrap elementor-element-populated\">\n\t\t\t\t\t\t\t<div class=\"elementor-widget-wrap\">\n\t\t\t\t\t\t<div class=\"elementor-element elementor-element-cd40737 elementor-widget elementor-widget-heading\" data-id=\"cd40737\" data-element_type=\"widget\" data-widget_type=\"heading.default\">\n\t\t\t\t<div class=\"elementor-widget-container\">\n\t\t\t<h2 class=\"elementor-heading-title elementor-size-default\">Conception et d\u00e9veloppement du site<\/h2>\t\t<\/div>\n\t\t\t\t<\/div>\n\t\t\t\t<div class=\"elementor-element elementor-element-72bcf28 elementor-widget-divider--view-line elementor-widget elementor-widget-divider\" data-id=\"72bcf28\" data-element_type=\"widget\" data-widget_type=\"divider.default\">\n\t\t\t\t<div class=\"elementor-widget-container\">\n\t\t\t\t\t<div class=\"elementor-divider\">\n\t\t\t<span class=\"elementor-divider-separator\">\n\t\t\t\t\t\t<\/span>\n\t\t<\/div>\n\t\t\t\t<\/div>\n\t\t\t\t<\/div>\n\t\t\t\t<div class=\"elementor-element elementor-element-f38b84d elementor-widget elementor-widget-text-editor\" data-id=\"f38b84d\" data-element_type=\"widget\" data-widget_type=\"text-editor.default\">\n\t\t\t\t<div class=\"elementor-widget-container\">\n\t\t\t\t\t\t\t\t<div class=\"elementor-text-editor elementor-clearfix\">\n\t\t\t\t<p>Beno\u00eet Pandolfi, Ing\u00e9nieur d&#8217;\u00e9tude en traitement et analyse des donn\u00e9es, \u00e0 l&#8217;ED2 Histoire moderne et contemporaine, 2014 UMR 8596 Centre Roland Mousnier &#8211; Histoire et civilisation, sour l&#8217;autorit\u00e9 de Cyril Grange <\/p>\t\t\t\t\t<\/div>\n\t\t\t\t\t\t<\/div>\n\t\t\t\t<\/div>\n\t\t\t\t\t\t<\/div>\n\t\t\t\t\t<\/div>\n\t\t<\/div>\n\t\t\t\t\t\t\t\t<\/div>\n\t\t\t\t\t<\/div>\n\t\t<\/section>\n\t\t\t\t\t\t<\/div>\n\t\t\t\t\t\t<\/div>\n\t\t\t\t\t<\/div>\n\t\t","protected":false},"excerpt":{"rendered":"<p>Cr\u00e9dits D\u00e9couvrez les cr\u00e9dits des contenus du site de l&#8217;enqu\u00eate sur la population de Charlevilleet de son projet \u00c9mergence Connexions Carolopolitaines. Espace, Population, Patrimoine Cr\u00e9dits photos Les images utilis\u00e9es sur ce site sont, soit la propri\u00e9t\u00e9 du CRM, soit des images libres de droits, soit des propri\u00e9t\u00e9s des membres de l&#8217;\u00e9quipe ou de ses partenaires.Toute &hellip;<\/p>\n<p class=\"read-more\"> <a class=\"\" href=\"https:\/\/crm-umr8596.huma-num.fr\/Charleville\/credits\/\"> <span class=\"screen-reader-text\">Cr\u00e9dits<\/span> Lire la suite\u00a0\u00bb<\/a><\/p>\n","protected":false},"author":1,"featured_media":0,"parent":0,"menu_order":0,"comment_status":"closed","ping_status":"closed","template":"","meta":[],"_links":{"self":[{"href":"https:\/\/crm-umr8596.huma-num.fr\/Charleville\/wp-json\/wp\/v2\/pages\/7263"}],"collection":[{"href":"https:\/\/crm-umr8596.huma-num.fr\/Charleville\/wp-json\/wp\/v2\/pages"}],"about":[{"href":"https:\/\/crm-umr8596.huma-num.fr\/Charleville\/wp-json\/wp\/v2\/types\/page"}],"author":[{"embeddable":true,"href":"https:\/\/crm-umr8596.huma-num.fr\/Charleville\/wp-json\/wp\/v2\/users\/1"}],"replies":[{"embeddable":true,"href":"https:\/\/crm-umr8596.huma-num.fr\/Charleville\/wp-json\/wp\/v2\/comments?post=7263"}],"version-history":[{"count":46,"href":"https:\/\/crm-umr8596.huma-num.fr\/Charleville\/wp-json\/wp\/v2\/pages\/7263\/revisions"}],"predecessor-version":[{"id":8178,"href":"https:\/\/crm-umr8596.huma-num.fr\/Charleville\/wp-json\/wp\/v2\/pages\/7263\/revisions\/8178"}],"wp:attachment":[{"href":"https:\/\/crm-umr8596.huma-num.fr\/Charleville\/wp-json\/wp\/v2\/media?parent=7263"}],"curies":[{"name":"wp","href":"https:\/\/api.w.org\/{rel}","templated":true}]}}