{"id":10414,"date":"2026-02-16T14:01:33","date_gmt":"2026-02-16T13:01:33","guid":{"rendered":"https:\/\/crm-umr8596.huma-num.fr\/Charleville\/?page_id=10414"},"modified":"2026-02-16T15:09:45","modified_gmt":"2026-02-16T14:09:45","slug":"participation-anr-dai-cretdhi","status":"publish","type":"page","link":"https:\/\/crm-umr8596.huma-num.fr\/Charleville\/participation-anr-dai-cretdhi\/","title":{"rendered":"Participation \u00e0 l&#8217;ANR DAI-CR\u00e9TDHI"},"content":{"rendered":"\t\t<div data-elementor-type=\"wp-post\" data-elementor-id=\"10414\" class=\"elementor elementor-10414\" data-elementor-settings=\"[]\">\n\t\t\t\t\t\t<div class=\"elementor-inner\">\n\t\t\t\t\t\t\t<div class=\"elementor-section-wrap\">\n\t\t\t\t\t\t\t<section class=\"has_eae_slider elementor-section elementor-top-section elementor-element elementor-element-797db47 elementor-section-content-middle elementor-section-boxed elementor-section-height-default elementor-section-height-default\" data-id=\"797db47\" data-element_type=\"section\" data-settings=\"{&quot;background_background&quot;:&quot;classic&quot;}\">\n\t\t\t\t\t\t\t<div class=\"elementor-background-overlay\"><\/div>\n\t\t\t\t\t\t\t<div class=\"elementor-container elementor-column-gap-no\">\n\t\t\t\t\t\t\t<div class=\"elementor-row\">\n\t\t\t\t\t<div class=\"has_eae_slider elementor-column elementor-col-100 elementor-top-column elementor-element elementor-element-b15b336\" data-id=\"b15b336\" data-element_type=\"column\">\n\t\t\t<div class=\"elementor-column-wrap\">\n\t\t\t\t\t\t\t<div class=\"elementor-widget-wrap\">\n\t\t\t\t\t\t\t\t<\/div>\n\t\t\t\t\t<\/div>\n\t\t<\/div>\n\t\t\t\t\t\t\t\t<\/div>\n\t\t\t\t\t<\/div>\n\t\t<\/section>\n\t\t\t\t<section class=\"has_eae_slider elementor-section elementor-top-section elementor-element elementor-element-abade5f elementor-section-content-middle elementor-reverse-mobile elementor-section-boxed elementor-section-height-default elementor-section-height-default\" data-id=\"abade5f\" data-element_type=\"section\">\n\t\t\t\t\t\t\t<div class=\"elementor-background-overlay\"><\/div>\n\t\t\t\t\t\t\t<div class=\"elementor-container elementor-column-gap-default\">\n\t\t\t\t\t\t\t<div class=\"elementor-row\">\n\t\t\t\t\t<div class=\"has_eae_slider elementor-column elementor-col-100 elementor-top-column elementor-element elementor-element-c275fd5\" data-id=\"c275fd5\" data-element_type=\"column\">\n\t\t\t<div class=\"elementor-column-wrap elementor-element-populated\">\n\t\t\t\t\t\t\t<div class=\"elementor-widget-wrap\">\n\t\t\t\t\t\t<div class=\"elementor-element elementor-element-15eedf7 elementor-widget elementor-widget-heading\" data-id=\"15eedf7\" data-element_type=\"widget\" data-widget_type=\"heading.default\">\n\t\t\t\t<div class=\"elementor-widget-container\">\n\t\t\t<h1 class=\"elementor-heading-title elementor-size-default\">Participation \u00e0 l'ANR DAI-CR\u00e9TDHI<\/h1>\t\t<\/div>\n\t\t\t\t<\/div>\n\t\t\t\t<div class=\"elementor-element elementor-element-02dd8b0 elementor-widget-divider--view-line_icon elementor-view-default elementor-widget-divider--element-align-center elementor-widget elementor-widget-divider\" data-id=\"02dd8b0\" data-element_type=\"widget\" data-widget_type=\"divider.default\">\n\t\t\t\t<div class=\"elementor-widget-container\">\n\t\t\t\t\t<div class=\"elementor-divider\">\n\t\t\t<span class=\"elementor-divider-separator\">\n\t\t\t\t\t\t\t<div class=\"elementor-icon elementor-divider__element\">\n\t\t\t\t\t<i aria-hidden=\"true\" class=\"fas fa-book-reader\"><\/i><\/div>\n\t\t\t\t\t\t<\/span>\n\t\t<\/div>\n\t\t\t\t<\/div>\n\t\t\t\t<\/div>\n\t\t\t\t<div class=\"elementor-element elementor-element-326dec1 elementor-widget elementor-widget-text-editor\" data-id=\"326dec1\" data-element_type=\"widget\" data-widget_type=\"text-editor.default\">\n\t\t\t\t<div class=\"elementor-widget-container\">\n\t\t\t\t\t\t\t\t<div class=\"elementor-text-editor elementor-clearfix\">\n\t\t\t\t<p>Depuis 2023, l\u2019\u00e9quipe \u00ab\u00a0Charleville\u00a0\u00bb (Vincent Gourdon, Doriane Hare, Isabelle Robin, Fran\u00e7ois-Joseph Ruggiu) est engag\u00e9e dans le programme de l\u2019Agence nationale de la Recherche (ANR)\u00a0: \u00ab\u00a0D\u00e9veloppement d\u2019Approches Intelligentes &#8211; Charleville, (Ile de) R\u00e9, Tours, Donn\u00e9es Historiques de l\u2019Ined\u00a0\u00bb (DAI-CR\u00e9TDHI).<\/p>\t\t\t\t\t<\/div>\n\t\t\t\t\t\t<\/div>\n\t\t\t\t<\/div>\n\t\t\t\t\t\t<\/div>\n\t\t\t\t\t<\/div>\n\t\t<\/div>\n\t\t\t\t\t\t\t\t<\/div>\n\t\t\t\t\t<\/div>\n\t\t<\/section>\n\t\t\t\t<section class=\"has_eae_slider elementor-section elementor-top-section elementor-element elementor-element-12797e6 elementor-section-boxed elementor-section-height-default elementor-section-height-default\" data-id=\"12797e6\" data-element_type=\"section\" data-settings=\"{&quot;background_background&quot;:&quot;classic&quot;}\">\n\t\t\t\t\t\t<div class=\"elementor-container elementor-column-gap-default\">\n\t\t\t\t\t\t\t<div class=\"elementor-row\">\n\t\t\t\t\t<div class=\"has_eae_slider elementor-column elementor-col-50 elementor-top-column elementor-element elementor-element-dffd4cc\" data-id=\"dffd4cc\" data-element_type=\"column\">\n\t\t\t<div class=\"elementor-column-wrap elementor-element-populated\">\n\t\t\t\t\t\t\t<div class=\"elementor-widget-wrap\">\n\t\t\t\t\t\t<div class=\"elementor-element elementor-element-776f1fd elementor-widget elementor-widget-text-editor\" data-id=\"776f1fd\" data-element_type=\"widget\" data-widget_type=\"text-editor.default\">\n\t\t\t\t<div class=\"elementor-widget-container\">\n\t\t\t\t\t\t\t\t<div class=\"elementor-text-editor elementor-clearfix\">\n\t\t\t\t<p>Situ\u00e9 \u00e0 la crois\u00e9e entre les sciences du num\u00e9rique et des donn\u00e9es et la d\u00e9mographie historique et l\u2019histoire sociale des familles, ce programme vise \u00e0 renouveler notre connaissance des populations anciennes en exploitant de vastes corpus d\u00e9mographiques gr\u00e2ce aux avanc\u00e9es r\u00e9centes en intelligence artificielle. Celle-ci doit, en effet, nous aider \u00e0 extraire et \u00e0 structurer automatiquement les informations tir\u00e9es des registres paroissiaux. Les Ardennes, et plus exactement les registres des bapt\u00eames, mariages et s\u00e9pultures (BMS) d\u2019une vingtaine de paroisses proches de Charleville forment un des terrains de cette grande enqu\u00eate.<\/p>\t\t\t\t\t<\/div>\n\t\t\t\t\t\t<\/div>\n\t\t\t\t<\/div>\n\t\t\t\t<div class=\"elementor-element elementor-element-42bbd58 elementor-widget elementor-widget-text-editor\" data-id=\"42bbd58\" data-element_type=\"widget\" data-widget_type=\"text-editor.default\">\n\t\t\t\t<div class=\"elementor-widget-container\">\n\t\t\t\t\t\t\t\t<div class=\"elementor-text-editor elementor-clearfix\">\n\t\t\t\t<p>Le programme de recherche r\u00e9unit La Rochelle Universit\u00e9 (Laboratoire L3i, sp\u00e9cialis\u00e9 en informatique et analyse documentaire), l\u2019Institut National d\u2019Etudes D\u00e9mographiques (Ined), l\u2019Universit\u00e9 de Tours (Laboratoire CeTHiS), Sorbonne Universit\u00e9 (Centre Roland Mousnier) ainsi que Geneanet, une soci\u00e9t\u00e9 sp\u00e9cialis\u00e9e dans les services en g\u00e9n\u00e9alogie en ligne, et Teklia, la principale soci\u00e9t\u00e9 priv\u00e9e en France en reconnaissance automatique de documents num\u00e9ris\u00e9s. Il a d\u00e9marr\u00e9 en novembre 2023 pour 48 mois et a re\u00e7u de l\u2019ANR un budget d\u2019environ 70\u00a0000 euros (pour le versant ardennais) auxquels s\u2019ajoutent les contributions des partenaires.<\/p>\t\t\t\t\t<\/div>\n\t\t\t\t\t\t<\/div>\n\t\t\t\t<\/div>\n\t\t\t\t<div class=\"elementor-element elementor-element-82174c2 elementor-align-center elementor-widget elementor-widget-button\" data-id=\"82174c2\" data-element_type=\"widget\" data-widget_type=\"button.default\">\n\t\t\t\t<div class=\"elementor-widget-container\">\n\t\t\t\t\t<div class=\"elementor-button-wrapper\">\n\t\t\t<a href=\"https:\/\/dai-cretdhi.univ-lr.fr\/\" class=\"elementor-button-link elementor-button elementor-size-sm\" role=\"button\">\n\t\t\t\t\t\t<span class=\"elementor-button-content-wrapper\">\n\t\t\t\t\t\t<span class=\"elementor-button-text\">Site du projet<\/span>\n\t\t<\/span>\n\t\t\t\t\t<\/a>\n\t\t<\/div>\n\t\t\t\t<\/div>\n\t\t\t\t<\/div>\n\t\t\t\t\t\t<\/div>\n\t\t\t\t\t<\/div>\n\t\t<\/div>\n\t\t\t\t<div class=\"has_eae_slider elementor-column elementor-col-50 elementor-top-column elementor-element elementor-element-37857ee\" data-id=\"37857ee\" data-element_type=\"column\">\n\t\t\t<div class=\"elementor-column-wrap elementor-element-populated\">\n\t\t\t\t\t\t\t<div class=\"elementor-widget-wrap\">\n\t\t\t\t\t\t<div class=\"elementor-element elementor-element-ff30d06 elementor-widget elementor-widget-image\" data-id=\"ff30d06\" data-element_type=\"widget\" data-widget_type=\"image.default\">\n\t\t\t\t<div class=\"elementor-widget-container\">\n\t\t\t\t\t\t\t\t<div class=\"elementor-image\">\n\t\t\t\t\t\t\t\t\t\t\t\t<img width=\"1024\" height=\"969\" src=\"https:\/\/crm-umr8596.huma-num.fr\/Charleville\/wp-content\/uploads\/2026\/02\/logo_anr_dai-cretdhi-1024x969.jpg\" class=\"attachment-large size-large\" alt=\"\" loading=\"lazy\" \/>\t\t\t\t\t\t\t\t\t\t\t\t\t\t<\/div>\n\t\t\t\t\t\t<\/div>\n\t\t\t\t<\/div>\n\t\t\t\t<section class=\"has_eae_slider elementor-section elementor-inner-section elementor-element elementor-element-3944d7b elementor-section-boxed elementor-section-height-default elementor-section-height-default\" data-id=\"3944d7b\" data-element_type=\"section\">\n\t\t\t\t\t\t<div class=\"elementor-container elementor-column-gap-default\">\n\t\t\t\t\t\t\t<div class=\"elementor-row\">\n\t\t\t\t\t<div class=\"has_eae_slider elementor-column elementor-col-33 elementor-inner-column elementor-element elementor-element-7c4a34a\" data-id=\"7c4a34a\" data-element_type=\"column\">\n\t\t\t<div class=\"elementor-column-wrap elementor-element-populated\">\n\t\t\t\t\t\t\t<div class=\"elementor-widget-wrap\">\n\t\t\t\t\t\t<div class=\"elementor-element elementor-element-f983d5e elementor-widget elementor-widget-image\" data-id=\"f983d5e\" data-element_type=\"widget\" data-widget_type=\"image.default\">\n\t\t\t\t<div class=\"elementor-widget-container\">\n\t\t\t\t\t\t\t\t<div class=\"elementor-image\">\n\t\t\t\t\t\t\t\t\t\t\t\t<img width=\"2048\" height=\"2043\" src=\"https:\/\/crm-umr8596.huma-num.fr\/Charleville\/wp-content\/uploads\/2026\/02\/logo_univ_la_rochelle.png\" class=\"attachment-2048x2048 size-2048x2048\" alt=\"\" loading=\"lazy\" \/>\t\t\t\t\t\t\t\t\t\t\t\t\t\t<\/div>\n\t\t\t\t\t\t<\/div>\n\t\t\t\t<\/div>\n\t\t\t\t\t\t<\/div>\n\t\t\t\t\t<\/div>\n\t\t<\/div>\n\t\t\t\t<div class=\"has_eae_slider elementor-column elementor-col-33 elementor-inner-column elementor-element elementor-element-346bed1\" data-id=\"346bed1\" data-element_type=\"column\">\n\t\t\t<div class=\"elementor-column-wrap elementor-element-populated\">\n\t\t\t\t\t\t\t<div class=\"elementor-widget-wrap\">\n\t\t\t\t\t\t<div class=\"elementor-element elementor-element-f5ce3ae elementor-widget elementor-widget-image\" data-id=\"f5ce3ae\" data-element_type=\"widget\" data-widget_type=\"image.default\">\n\t\t\t\t<div class=\"elementor-widget-container\">\n\t\t\t\t\t\t\t\t<div class=\"elementor-image\">\n\t\t\t\t\t\t\t\t\t\t\t\t<img width=\"272\" height=\"159\" src=\"https:\/\/crm-umr8596.huma-num.fr\/Charleville\/wp-content\/uploads\/2026\/02\/logo_ined.jpg\" class=\"attachment-large size-large\" alt=\"\" loading=\"lazy\" \/>\t\t\t\t\t\t\t\t\t\t\t\t\t\t<\/div>\n\t\t\t\t\t\t<\/div>\n\t\t\t\t<\/div>\n\t\t\t\t<div class=\"elementor-element elementor-element-8343d2d elementor-widget elementor-widget-image\" data-id=\"8343d2d\" data-element_type=\"widget\" data-widget_type=\"image.default\">\n\t\t\t\t<div class=\"elementor-widget-container\">\n\t\t\t\t\t\t\t\t<div class=\"elementor-image\">\n\t\t\t\t\t\t\t\t\t\t\t\t<img width=\"1024\" height=\"630\" src=\"https:\/\/crm-umr8596.huma-num.fr\/Charleville\/wp-content\/uploads\/2026\/02\/logo_crm-1024x630.jpg\" class=\"attachment-large size-large\" alt=\"\" loading=\"lazy\" \/>\t\t\t\t\t\t\t\t\t\t\t\t\t\t<\/div>\n\t\t\t\t\t\t<\/div>\n\t\t\t\t<\/div>\n\t\t\t\t\t\t<\/div>\n\t\t\t\t\t<\/div>\n\t\t<\/div>\n\t\t\t\t<div class=\"has_eae_slider elementor-column elementor-col-33 elementor-inner-column elementor-element elementor-element-50f45ba\" data-id=\"50f45ba\" data-element_type=\"column\">\n\t\t\t<div class=\"elementor-column-wrap elementor-element-populated\">\n\t\t\t\t\t\t\t<div class=\"elementor-widget-wrap\">\n\t\t\t\t\t\t<div class=\"elementor-element elementor-element-565dcf4 elementor-widget elementor-widget-image\" data-id=\"565dcf4\" data-element_type=\"widget\" data-widget_type=\"image.default\">\n\t\t\t\t<div class=\"elementor-widget-container\">\n\t\t\t\t\t\t\t\t<div class=\"elementor-image\">\n\t\t\t\t\t\t\t\t\t\t\t\t<img width=\"441\" height=\"114\" src=\"https:\/\/crm-umr8596.huma-num.fr\/Charleville\/wp-content\/uploads\/2026\/02\/logo_univ_tours.png\" class=\"attachment-large size-large\" alt=\"\" loading=\"lazy\" \/>\t\t\t\t\t\t\t\t\t\t\t\t\t\t<\/div>\n\t\t\t\t\t\t<\/div>\n\t\t\t\t<\/div>\n\t\t\t\t<div class=\"elementor-element elementor-element-a285afb elementor-widget elementor-widget-image\" data-id=\"a285afb\" data-element_type=\"widget\" data-widget_type=\"image.default\">\n\t\t\t\t<div class=\"elementor-widget-container\">\n\t\t\t\t\t\t\t\t<div class=\"elementor-image\">\n\t\t\t\t\t\t\t\t\t\t\t\t<img width=\"1024\" height=\"269\" src=\"https:\/\/crm-umr8596.huma-num.fr\/Charleville\/wp-content\/uploads\/2026\/02\/logo_teklia-1024x269.jpg\" class=\"attachment-large size-large\" alt=\"\" loading=\"lazy\" \/>\t\t\t\t\t\t\t\t\t\t\t\t\t\t<\/div>\n\t\t\t\t\t\t<\/div>\n\t\t\t\t<\/div>\n\t\t\t\t<div class=\"elementor-element elementor-element-1f3f455 elementor-widget elementor-widget-image\" data-id=\"1f3f455\" data-element_type=\"widget\" data-widget_type=\"image.default\">\n\t\t\t\t<div class=\"elementor-widget-container\">\n\t\t\t\t\t\t\t\t<div class=\"elementor-image\">\n\t\t\t\t\t\t\t\t\t\t\t\t<img width=\"1024\" height=\"303\" src=\"https:\/\/crm-umr8596.huma-num.fr\/Charleville\/wp-content\/uploads\/2026\/02\/logo_geneanet-1024x303.jpg\" class=\"attachment-large size-large\" alt=\"\" loading=\"lazy\" \/>\t\t\t\t\t\t\t\t\t\t\t\t\t\t<\/div>\n\t\t\t\t\t\t<\/div>\n\t\t\t\t<\/div>\n\t\t\t\t\t\t<\/div>\n\t\t\t\t\t<\/div>\n\t\t<\/div>\n\t\t\t\t\t\t\t\t<\/div>\n\t\t\t\t\t<\/div>\n\t\t<\/section>\n\t\t\t\t\t\t<\/div>\n\t\t\t\t\t<\/div>\n\t\t<\/div>\n\t\t\t\t\t\t\t\t<\/div>\n\t\t\t\t\t<\/div>\n\t\t<\/section>\n\t\t\t\t<section class=\"has_eae_slider elementor-section elementor-top-section elementor-element elementor-element-c870599 elementor-section-boxed elementor-section-height-default elementor-section-height-default\" data-id=\"c870599\" data-element_type=\"section\" data-settings=\"{&quot;background_background&quot;:&quot;classic&quot;}\">\n\t\t\t\t\t\t\t<div class=\"elementor-background-overlay\"><\/div>\n\t\t\t\t\t\t\t<div class=\"elementor-container elementor-column-gap-default\">\n\t\t\t\t\t\t\t<div class=\"elementor-row\">\n\t\t\t\t\t<div class=\"has_eae_slider elementor-column elementor-col-50 elementor-top-column elementor-element elementor-element-305a9e3\" data-id=\"305a9e3\" data-element_type=\"column\">\n\t\t\t<div class=\"elementor-column-wrap elementor-element-populated\">\n\t\t\t\t\t\t\t<div class=\"elementor-widget-wrap\">\n\t\t\t\t\t\t<div class=\"elementor-element elementor-element-dc0e22c elementor-widget elementor-widget-image\" data-id=\"dc0e22c\" data-element_type=\"widget\" data-widget_type=\"image.default\">\n\t\t\t\t<div class=\"elementor-widget-container\">\n\t\t\t\t\t\t\t\t<div class=\"elementor-image\">\n\t\t\t\t\t\t\t\t\t\t\t\t<img width=\"1024\" height=\"466\" src=\"https:\/\/crm-umr8596.huma-num.fr\/Charleville\/wp-content\/uploads\/2026\/02\/callico_1-1024x466.png\" class=\"attachment-large size-large\" alt=\"\" loading=\"lazy\" \/>\t\t\t\t\t\t\t\t\t\t\t\t\t\t<\/div>\n\t\t\t\t\t\t<\/div>\n\t\t\t\t<\/div>\n\t\t\t\t<div class=\"elementor-element elementor-element-dd5b755 elementor-widget elementor-widget-image\" data-id=\"dd5b755\" data-element_type=\"widget\" data-widget_type=\"image.default\">\n\t\t\t\t<div class=\"elementor-widget-container\">\n\t\t\t\t\t\t\t\t<div class=\"elementor-image\">\n\t\t\t\t\t\t\t\t\t\t\t\t<img width=\"1024\" height=\"453\" src=\"https:\/\/crm-umr8596.huma-num.fr\/Charleville\/wp-content\/uploads\/2026\/02\/callico_2-1024x453.png\" class=\"attachment-large size-large\" alt=\"\" loading=\"lazy\" \/>\t\t\t\t\t\t\t\t\t\t\t\t\t\t<\/div>\n\t\t\t\t\t\t<\/div>\n\t\t\t\t<\/div>\n\t\t\t\t<div class=\"elementor-element elementor-element-b16b157 elementor-widget elementor-widget-image\" data-id=\"b16b157\" data-element_type=\"widget\" data-widget_type=\"image.default\">\n\t\t\t\t<div class=\"elementor-widget-container\">\n\t\t\t\t\t\t\t\t<div class=\"elementor-image\">\n\t\t\t\t\t\t\t\t\t\t\t\t<img width=\"1024\" height=\"453\" src=\"https:\/\/crm-umr8596.huma-num.fr\/Charleville\/wp-content\/uploads\/2026\/02\/callico_3-1024x453.png\" class=\"attachment-large size-large\" alt=\"\" loading=\"lazy\" \/>\t\t\t\t\t\t\t\t\t\t\t\t\t\t<\/div>\n\t\t\t\t\t\t<\/div>\n\t\t\t\t<\/div>\n\t\t\t\t\t\t<\/div>\n\t\t\t\t\t<\/div>\n\t\t<\/div>\n\t\t\t\t<div class=\"has_eae_slider elementor-column elementor-col-50 elementor-top-column elementor-element elementor-element-bab5122\" data-id=\"bab5122\" data-element_type=\"column\" data-settings=\"{&quot;background_background&quot;:&quot;classic&quot;}\">\n\t\t\t<div class=\"elementor-column-wrap elementor-element-populated\">\n\t\t\t\t\t\t\t<div class=\"elementor-widget-wrap\">\n\t\t\t\t\t\t<div class=\"elementor-element elementor-element-c61c1b4 elementor-widget elementor-widget-text-editor\" data-id=\"c61c1b4\" data-element_type=\"widget\" data-widget_type=\"text-editor.default\">\n\t\t\t\t<div class=\"elementor-widget-container\">\n\t\t\t\t\t\t\t\t<div class=\"elementor-text-editor elementor-clearfix\">\n\t\t\t\t<p>La s\u00e9lection des paroisses comprend Charleville, et des localit\u00e9s environnantes (M\u00e9zi\u00e8res, Villers-Semeuse, Montcy-Saint-Pierre, Lumes, etc.). Elles ont \u00e9t\u00e9 choisies en s\u2019appuyant sur les bases de donn\u00e9es, d\u00e9j\u00e0 constitu\u00e9es par l\u2019\u00e9quipe \u00ab Charleville \u00bb, des habitants de la ville dont ont \u00e9t\u00e9 extraits les lieux de provenance principaux des individus ardennais non carolopolitains. La p\u00e9riode de s\u00e9lection des registres embrasse les ann\u00e9es 1690-1793 (soit la fin de l\u2019enregistrement religieux de l\u2019\u00e9tat civil).<\/p><p>Environ un millier d\u2019actes issus des registres paroissiaux s\u00e9lectionn\u00e9s ont d\u2019abord \u00e9t\u00e9 num\u00e9ris\u00e9s, segment\u00e9s puis retranscrits manuellement par l\u2019\u00e9quipe \u00ab Charleville \u00bb. Il s\u2019agissait de fournir de bonnes transcriptions de textes produits par des scripteurs tr\u00e8s diff\u00e9rents selon les paroisses et les ann\u00e9es afin d&#8217;entra\u00eener les machines \u00e0 la lecture des textes manuscrits du XVIIIe si\u00e8cle.<\/p><p>L\u2019op\u00e9ration suivante a consist\u00e9 \u00e0 annoter les informations contenues dans les transcriptions de sorte \u00e0 identifier, gr\u00e2ce \u00e0 des \u00e9tiquettes, l\u2019ensemble des informations susceptibles d\u2019appara\u00eetre dans les actes comme, par exemple, les m\u00e9tadonn\u00e9es relatives \u00e0 l\u2019acte (nature de l\u2019acte ; jour, mois, ann\u00e9e\u2026) ; les informations de localisation (dioc\u00e8se, paroisse\u2026) ou encore les informations concernant les personnes impliqu\u00e9es dans l\u2019acte (enfant baptis\u00e9, mari\u00e9s, d\u00e9funt, parents, t\u00e9moins, officiant\u2026).<\/p><p>Ces op\u00e9rations ont \u00e9t\u00e9 r\u00e9alis\u00e9es dans l\u2019interface collaborative en ligne Callico, d\u00e9velopp\u00e9e par la soci\u00e9t\u00e9 Teklia. La transcription et l\u2019annotation de ces actes sont destin\u00e9es \u00e0 entra\u00eener un mod\u00e8le d\u2019intelligence artificielle qui pourra, ensuite, r\u00e9aliser seul ces op\u00e9rations sur le reste des actes des registres s\u00e9lectionn\u00e9s.<\/p>\t\t\t\t\t<\/div>\n\t\t\t\t\t\t<\/div>\n\t\t\t\t<\/div>\n\t\t\t\t\t\t<\/div>\n\t\t\t\t\t<\/div>\n\t\t<\/div>\n\t\t\t\t\t\t\t\t<\/div>\n\t\t\t\t\t<\/div>\n\t\t<\/section>\n\t\t\t\t<section class=\"has_eae_slider elementor-section elementor-top-section elementor-element elementor-element-96f47a6 elementor-section-boxed elementor-section-height-default elementor-section-height-default\" data-id=\"96f47a6\" data-element_type=\"section\">\n\t\t\t\t\t\t<div class=\"elementor-container elementor-column-gap-default\">\n\t\t\t\t\t\t\t<div class=\"elementor-row\">\n\t\t\t\t\t<div class=\"has_eae_slider elementor-column elementor-col-50 elementor-top-column elementor-element elementor-element-64d3453\" data-id=\"64d3453\" data-element_type=\"column\">\n\t\t\t<div class=\"elementor-column-wrap elementor-element-populated\">\n\t\t\t\t\t\t\t<div class=\"elementor-widget-wrap\">\n\t\t\t\t\t\t<div class=\"elementor-element elementor-element-11c2c7d elementor-aspect-ratio-43 elementor-widget elementor-widget-video\" data-id=\"11c2c7d\" data-element_type=\"widget\" data-settings=\"{&quot;youtube_url&quot;:&quot;https:\\\/\\\/youtu.be\\\/g2z6vEQnkl8?si=srqAbnwp54IU8yBk&quot;,&quot;aspect_ratio&quot;:&quot;43&quot;,&quot;video_type&quot;:&quot;youtube&quot;,&quot;controls&quot;:&quot;yes&quot;}\" data-widget_type=\"video.default\">\n\t\t\t\t<div class=\"elementor-widget-container\">\n\t\t\t\t\t<div class=\"elementor-wrapper elementor-fit-aspect-ratio elementor-open-inline\">\n\t\t\t<div class=\"elementor-video\"><\/div>\t\t<\/div>\n\t\t\t\t<\/div>\n\t\t\t\t<\/div>\n\t\t\t\t\t\t<\/div>\n\t\t\t\t\t<\/div>\n\t\t<\/div>\n\t\t\t\t<div class=\"has_eae_slider elementor-column elementor-col-50 elementor-top-column elementor-element elementor-element-964f4de\" data-id=\"964f4de\" data-element_type=\"column\">\n\t\t\t<div class=\"elementor-column-wrap elementor-element-populated\">\n\t\t\t\t\t\t\t<div class=\"elementor-widget-wrap\">\n\t\t\t\t\t\t<div class=\"elementor-element elementor-element-080e176 elementor-widget elementor-widget-text-editor\" data-id=\"080e176\" data-element_type=\"widget\" data-widget_type=\"text-editor.default\">\n\t\t\t\t<div class=\"elementor-widget-container\">\n\t\t\t\t\t\t\t\t<div class=\"elementor-text-editor elementor-clearfix\">\n\t\t\t\t<p>L\u2019objectif final du programme de recherche est que le mod\u00e8le d\u2019IA puisse directement verser les informations \u00e9tiquet\u00e9es dans une base de donn\u00e9es qui permette de construire des g\u00e9n\u00e9alogies ou qui autorise des analyses statistiques en d\u00e9mographie historique et en histoire sociale des familles anciennes.<\/p>\t\t\t\t\t<\/div>\n\t\t\t\t\t\t<\/div>\n\t\t\t\t<\/div>\n\t\t\t\t\t\t<\/div>\n\t\t\t\t\t<\/div>\n\t\t<\/div>\n\t\t\t\t\t\t\t\t<\/div>\n\t\t\t\t\t<\/div>\n\t\t<\/section>\n\t\t\t\t<section class=\"has_eae_slider elementor-section elementor-top-section elementor-element elementor-element-3e1144d elementor-section-boxed elementor-section-height-default elementor-section-height-default\" data-id=\"3e1144d\" data-element_type=\"section\">\n\t\t\t\t\t\t<div class=\"elementor-container elementor-column-gap-default\">\n\t\t\t\t\t\t\t<div class=\"elementor-row\">\n\t\t\t\t\t<div class=\"has_eae_slider elementor-column elementor-col-100 elementor-top-column elementor-element elementor-element-60f1612\" data-id=\"60f1612\" data-element_type=\"column\">\n\t\t\t<div class=\"elementor-column-wrap\">\n\t\t\t\t\t\t\t<div class=\"elementor-widget-wrap\">\n\t\t\t\t\t\t\t\t<\/div>\n\t\t\t\t\t<\/div>\n\t\t<\/div>\n\t\t\t\t\t\t\t\t<\/div>\n\t\t\t\t\t<\/div>\n\t\t<\/section>\n\t\t\t\t\t\t<\/div>\n\t\t\t\t\t\t<\/div>\n\t\t\t\t\t<\/div>\n\t\t","protected":false},"excerpt":{"rendered":"<p>Participation \u00e0 l&#8217;ANR DAI-CR\u00e9TDHI Depuis 2023, l\u2019\u00e9quipe \u00ab\u00a0Charleville\u00a0\u00bb (Vincent Gourdon, Doriane Hare, Isabelle Robin, Fran\u00e7ois-Joseph Ruggiu) est engag\u00e9e dans le programme de l\u2019Agence nationale de la Recherche (ANR)\u00a0: \u00ab\u00a0D\u00e9veloppement d\u2019Approches Intelligentes &#8211; Charleville, (Ile de) R\u00e9, Tours, Donn\u00e9es Historiques de l\u2019Ined\u00a0\u00bb (DAI-CR\u00e9TDHI). Situ\u00e9 \u00e0 la crois\u00e9e entre les sciences du num\u00e9rique et des donn\u00e9es et &hellip;<\/p>\n<p class=\"read-more\"> <a class=\"\" href=\"https:\/\/crm-umr8596.huma-num.fr\/Charleville\/participation-anr-dai-cretdhi\/\"> <span class=\"screen-reader-text\">Participation \u00e0 l&#8217;ANR DAI-CR\u00e9TDHI<\/span> Lire la suite\u00a0\u00bb<\/a><\/p>\n","protected":false},"author":19,"featured_media":0,"parent":0,"menu_order":0,"comment_status":"closed","ping_status":"closed","template":"","meta":[],"_links":{"self":[{"href":"https:\/\/crm-umr8596.huma-num.fr\/Charleville\/wp-json\/wp\/v2\/pages\/10414"}],"collection":[{"href":"https:\/\/crm-umr8596.huma-num.fr\/Charleville\/wp-json\/wp\/v2\/pages"}],"about":[{"href":"https:\/\/crm-umr8596.huma-num.fr\/Charleville\/wp-json\/wp\/v2\/types\/page"}],"author":[{"embeddable":true,"href":"https:\/\/crm-umr8596.huma-num.fr\/Charleville\/wp-json\/wp\/v2\/users\/19"}],"replies":[{"embeddable":true,"href":"https:\/\/crm-umr8596.huma-num.fr\/Charleville\/wp-json\/wp\/v2\/comments?post=10414"}],"version-history":[{"count":14,"href":"https:\/\/crm-umr8596.huma-num.fr\/Charleville\/wp-json\/wp\/v2\/pages\/10414\/revisions"}],"predecessor-version":[{"id":10439,"href":"https:\/\/crm-umr8596.huma-num.fr\/Charleville\/wp-json\/wp\/v2\/pages\/10414\/revisions\/10439"}],"wp:attachment":[{"href":"https:\/\/crm-umr8596.huma-num.fr\/Charleville\/wp-json\/wp\/v2\/media?parent=10414"}],"curies":[{"name":"wp","href":"https:\/\/api.w.org\/{rel}","templated":true}]}}